{"id":8,"date":"2016-02-10T19:47:11","date_gmt":"2016-02-10T19:47:11","guid":{"rendered":"http:\/\/asianitbd.com\/wp\/gardencare\/?page_id=8"},"modified":"2017-04-03T15:11:51","modified_gmt":"2017-04-03T15:11:51","slug":"home","status":"publish","type":"page","link":"https:\/\/www.gartenservice-alenborn.de\/","title":{"rendered":"Home"},"content":{"rendered":"<p>[vc_row el_class=&#8220;gardener-banner rev_slider_wrapper&#8220;][vc_column][rev_slider_vc alias=&#8220;home&#8220;][\/vc_column][\/vc_row][vc_row][vc_column]<!-- #promotional-text -->\n<section id=\"promotional-text\" class=\"gardener\">\n    <div class=\"container\">\n        <div class=\"row\">\n            <div class=\"col-lg-12 col-md-12\">\n                <p>Gern erstellen wir Ihnen ein Angebot !<\/p>\n                <a class=\"contact-button\" href=\"https:\/\/www.gartenservice-alenborn.de\/?page_id=28\">\n                    <div class=\"contact-us-button\">Kontakt<\/div>\n                    <i class=\"fa fa-arrow-circle-right\"><\/i>\n                <\/a>\n            <\/div>\n        <\/div>\n    <\/div>\n<\/section> \n<!-- \/#promotional-text -->\n[\/vc_column][\/vc_row][vc_row][vc_column]<section id=\"landscaping-design-gardener\">\r\n    <div class=\"container\">\r\n        <div class=\"row\">\r\n            <div class=\"col-lg-3 col-md-4 col-sm-12 col-xs-12\">\r\n                <div class=\"img-border\">\r\n                    <img decoding=\"async\" src=\"https:\/\/www.gartenservice-alenborn.de\/wp-content\/uploads\/2016\/02\/Fotolia_86292006_Subscription_Monthly_XL.jpg\" alt=\"Image\">\r\n                <\/div>\r\n            <\/div>\r\n            <div class=\"col-lg-5 col-md-8 col-sm-12 col-xs-12\">\r\n                <h2><b>Gartengestaltung<\/b> und vieles mehr...<\/h2>\r\n                <p><\/p>\r\n                <ul>\r\n                \t\t\t\t\t\t\t                            <li><i class=\"fa fa-angle-right\"><\/i> Gartengestaltung<br \/><\/li>\r\n                                                    <li><i class=\"fa fa-angle-right\"><\/i> Baumf\u00e4llung<br \/><\/li>\r\n                                                    <li><i class=\"fa fa-angle-right\"><\/i> Heckenschnitt<br \/><\/li>\r\n                                                    <li><i class=\"fa fa-angle-right\"><\/i> M\u00e4harbeit<br \/><\/li>\r\n                                                    <li><i class=\"fa fa-angle-right\"><\/i> Teichanlegung<br \/><\/li>\r\n                                                    <li><i class=\"fa fa-angle-right\"><\/i> Jahrespflege<\/li>\r\n                                        <\/ul>\r\n                <ul>\r\n                \t\t\t\t\t\t\t                            <li><i class=\"fa fa-angle-right\"><\/i> Pflasterarbeit<br \/><\/li>\r\n                                                    <li><i class=\"fa fa-angle-right\"><\/i> Trockenmauer<br \/><\/li>\r\n                                                    <li><i class=\"fa fa-angle-right\"><\/i> Holzschutz<br \/><\/li>\r\n                                                    <li><i class=\"fa fa-angle-right\"><\/i> und mehr...<\/li>\r\n                                        <\/ul>\r\n            <\/div>\r\n            <div class=\"col-lg-4 col-md-9 col-sm-12 col-xs-12 col-lg-offset-0 col-md-offset-3 col-sm-offset-0 col-xs-offset-0 lawn-maintenance\">\r\n                <h3>``Der Garten ist eine Auszeit f\u00fcr die Seele``<\/h3>\r\n                <p><\/p>\r\n                <img decoding=\"async\" src=\"https:\/\/www.gartenservice-alenborn.de\/wp-content\/uploads\/2016\/02\/start_small.jpg\" alt=\"Image\">\r\n            <\/div>\r\n        <\/div>\r\n    <\/div>\r\n<\/section>\r\n\r\n[\/vc_column][\/vc_row][vc_row][vc_column]   \r\n[\/vc_column][\/vc_row][vc_row][vc_column]<section id=\"welcome-to-gardener\">\r\n    <div class=\"container\">\r\n        <div class=\"row\">\r\n            <div class=\"col-lg-7 col-md-12\">\r\n                <h2>Gartenservice Alenborn<\/h2>\r\n                <p> Kundenn\u00e4he und Kompetenz durch inhabergef\u00fchrten Service und langj\u00e4hrige Erfahrung.<br \/>\n<\/p>\r\n                <h3><\/h3>\r\n                <div class=\"list-box clearfix\">\r\n                    <ul>\r\n                        \t\t\t\t\t\t                            <li><i class=\"fa fa-hand-o-right\"><\/i>zuverl\u00e4ssig<br \/><\/li>\r\n                                                    <li><i class=\"fa fa-hand-o-right\"><\/i>kompetent<\/li>\r\n                                            <\/ul>\r\n                    <ul>\r\n                        \t\t\t\t\t\t                            <li><i class=\"fa fa-hand-o-right\"><\/i>schnell<br \/><\/li>\r\n                                                    <li><i class=\"fa fa-hand-o-right\"><\/i>erfahren<\/li>\r\n                                            <\/ul>\r\n                <\/div>\r\n            <\/div>\r\n            <div class=\"col-lg-5 hidden-md\">\r\n                <div class=\"img-holder hvr-rectangle-out\">\r\n                    <img decoding=\"async\" src=\"https:\/\/www.gartenservice-alenborn.de\/wp-content\/uploads\/2016\/02\/profil.png\" alt=\"Image\">\r\n                <\/div>\r\n            <\/div>\r\n        <\/div>\r\n    <\/div>\r\n<\/section>\r\n\r\n[\/vc_column][\/vc_row][vc_row][vc_column]<section id=\"great-gardener-team\" style=\"background-image:url('https:\/\/www.gartenservice-alenborn.de\/wp-content\/uploads\/2016\/02\/green_balken.jpg')\">\r\n    <div class=\"container\">\r\n        <div class=\"row\">\r\n            <div class=\"col-md-8 pull-right has-skew\">\r\n                <h2>Gartenservice Alenborn<\/h2>\r\n                <p><\/p>\r\n                <p class=\"has-btn\"><b>0176 - 87 23 69 29<\/b><span>or<\/span>\r\n                <\/p>\r\n                <a class=\"contact-button\" href=\"https:\/\/www.gartenservice-alenborn.de\/?page_id=28\">\r\n                    <div class=\"contact-us-button\">Kontakt<\/div>\r\n                    <i class=\"fa fa-arrow-circle-right\"><\/i>\r\n                <\/a>\r\n            <\/div>\r\n        <\/div>\r\n    <\/div>\r\n<\/section>\r\n\r\n[\/vc_column][\/vc_row]<\/p>\n","protected":false},"excerpt":{"rendered":"<p>[vc_row el_class=&#8220;gardener-banner rev_slider_wrapper&#8220;][vc_column][rev_slider_vc alias=&#8220;home&#8220;][\/vc_column][\/vc_row][vc_row][vc_column][\/vc_column][\/vc_row][vc_row][vc_column][\/vc_column][\/vc_row][vc_row][vc_column][\/vc_column][\/vc_row][vc_row][vc_column][\/vc_column][\/vc_row][vc_row][vc_column][\/vc_column][\/vc_row]<\/p>\n","protected":false},"author":1,"featured_media":0,"parent":0,"menu_order":0,"comment_status":"closed","ping_status":"closed","template":"tpl-visual_composer.php","meta":{"footnotes":""},"class_list":["post-8","page","type-page","status-publish","hentry"],"_links":{"self":[{"href":"https:\/\/www.gartenservice-alenborn.de\/index.php?rest_route=\/wp\/v2\/pages\/8","targetHints":{"allow":["GET"]}}],"collection":[{"href":"https:\/\/www.gartenservice-alenborn.de\/index.php?rest_route=\/wp\/v2\/pages"}],"about":[{"href":"https:\/\/www.gartenservice-alenborn.de\/index.php?rest_route=\/wp\/v2\/types\/page"}],"author":[{"embeddable":true,"href":"https:\/\/www.gartenservice-alenborn.de\/index.php?rest_route=\/wp\/v2\/users\/1"}],"replies":[{"embeddable":true,"href":"https:\/\/www.gartenservice-alenborn.de\/index.php?rest_route=%2Fwp%2Fv2%2Fcomments&post=8"}],"version-history":[{"count":35,"href":"https:\/\/www.gartenservice-alenborn.de\/index.php?rest_route=\/wp\/v2\/pages\/8\/revisions"}],"predecessor-version":[{"id":716,"href":"https:\/\/www.gartenservice-alenborn.de\/index.php?rest_route=\/wp\/v2\/pages\/8\/revisions\/716"}],"wp:attachment":[{"href":"https:\/\/www.gartenservice-alenborn.de\/index.php?rest_route=%2Fwp%2Fv2%2Fmedia&parent=8"}],"curies":[{"name":"wp","href":"https:\/\/api.w.org\/{rel}","templated":true}]}}