{"id":670,"date":"2017-03-31T12:14:22","date_gmt":"2017-03-31T12:14:22","guid":{"rendered":"https:\/\/www.gartenservice-alenborn.de\/?page_id=670"},"modified":"2017-07-04T14:30:54","modified_gmt":"2017-07-04T14:30:54","slug":"impressum","status":"publish","type":"page","link":"https:\/\/www.gartenservice-alenborn.de\/?page_id=670","title":{"rendered":"Impressum"},"content":{"rendered":"<h1>Impressum<\/h1>\n<h2>Angaben gem\u00e4\u00df \u00a7 5 TMG:<\/h2>\n<p>Johann Alenborn<br \/>\nGartenservice Alenborn<br \/>\nTheodor-Heuss-Ring 8<br \/>\n37154 Northeim<\/p>\n<h2>Kontakt:<\/h2>\n<table>\n<tbody>\n<tr>\n<td>Telefon:<\/td>\n<td>017687236929<\/td>\n<\/tr>\n<tr>\n<td>E-Mail:<\/td>\n<td>info@gartenservice-alenborn.de<\/td>\n<\/tr>\n<\/tbody>\n<\/table>\n<h2>Umsatzsteuer-ID:<\/h2>\n<p>Umsatzsteuer-Identifikationsnummer gem\u00e4\u00df \u00a727<br \/>\na Umsatzsteuergesetz:<br \/>\nDE 311374020<\/p>\n<p>&nbsp;<\/p>\n<p>Quelle: <em><a href=\"https:\/\/www.erecht24. de\/impressum-generator.html\">https:\/\/www.e-recht24.de<\/a><\/em><\/p>\n<h2>Bilder<\/h2>\n<h4>#77546533 \u00a0 \u00a0 Urheber: Andrey Volokhatiuk &#8211; Fotolia.com<br \/>\n#41520918\u00a0 \u00a0\u00a0 Urheber: PhotoSG &#8211; Fotolia.com<br \/>\n#113298116 \u00a0 Urheber: danimages &#8211; Fotolia.com<br \/>\n#103406750\u00a0\u00a0 Urheber: Tomasz Zajda &#8211; Fotolia.com<br \/>\n#116723848\u00a0\u00a0 Urheber: tanyabelo &#8211; Fotolia.com<br \/>\n#105218221\u00a0\u00a0 Urheber: lily &#8211; Fotolia.com<br \/>\n#137617032\u00a0\u00a0 Urheber: Romolo Tavani &#8211; Fotolia.com<br \/>\n#55539292\u00a0\u00a0\u00a0\u00a0 Urheber: TwilightArtPictures &#8211; Fotolia.com<br \/>\n#64781129\u00a0\u00a0\u00a0\u00a0 Urheber: Gundolf Renze &#8211; Fotolia.com<br \/>\n#69328545\u00a0\u00a0 \u00a0 Urheber: ThomBal &#8211; Fotolia.com<br \/>\n#86292006\u00a0\u00a0\u00a0\u00a0 Urheber: Krawczyk-Foto &#8211; Fotolia.com<br \/>\n#113705949 \u00a0 Urheber: Gundolf Renze &#8211; Fotolia.com<br \/>\n#122406354\u00a0\u00a0 Urheber: lamax &#8211; Fotolia.com<br \/>\n#135102660\u00a0\u00a0 Urheber: Gundolf Renze &#8211; Fotolia.com<br \/>\n#38480620\u00a0\u00a0\u00a0\u00a0 Urheber: lurios &#8211; Fotolia.com<\/h4>\n<h4>#86477626\u00a0\u00a0\u00a0\u00a0 Urheber: Tomasz Zajda<\/h4>\n<p>&nbsp;<\/p>\n<h1>Haftungsausschluss (Disclaimer)<\/h1>\n<h2>Haftung f\u00fcr Inhalte<\/h2>\n<p>Als Diensteanbieter sind wir<br \/>\ngem\u00e4\u00df \u00a7 7 Abs.1 TMG f\u00fcr eigene Inhalte auf diesen Seiten nach den allgemeinen<br \/>\nGesetzen verantwortlich. Nach \u00a7\u00a7 8 bis 10 TMG sind wir als Diensteanbieter jedoch nicht verpflichtet,<br \/>\n\u00fcbermittelte oder gespeicherte fremde Informationen zu \u00fcberwachen oder nach Umst\u00e4nden zu<br \/>\nforschen, die auf eine rechtswidrige T\u00e4tigkeit hinweisen.<\/p>\n<p>Verpflichtungen zur Entfernung oder<br \/>\nSperrung der Nutzung von Informationen nach den allgemeinen Gesetzen bleiben hiervon unber\u00fchrt. Eine<br \/>\ndiesbez\u00fcgliche Haftung ist jedoch erst ab dem Zeitpunkt der Kenntnis einer konkreten Rechtsverletzung<br \/>\nm\u00f6glich. Bei Bekanntwerden von entsprechenden Rechtsverletzungen werden wir diese Inhalte umgehend<br \/>\nentfernen.<\/p>\n<h2>Haftung f\u00fcr Links<\/h2>\n<p>Unser Angebot enth\u00e4lt Links zu externen Webseiten<br \/>\nDritter, auf deren Inhalte wir keinen Einfluss haben. Deshalb k\u00f6nnen wir f\u00fcr diese fremden Inhalte<br \/>\nauch keine Gew\u00e4hr \u00fcbernehmen. F\u00fcr die Inhalte der verlinkten Seiten ist stets der jeweilige<br \/>\nAnbieter oder Betreiber der Seiten verantwortlich. Die verlinkten Seiten wurden zum Zeitpunkt der Verlinkung auf<br \/>\nm\u00f6gliche Rechtsverst\u00f6\u00dfe \u00fcberpr\u00fcft. Rechtswidrige Inhalte waren zum Zeitpunkt der<br \/>\nVerlinkung nicht erkennbar.<\/p>\n<p>Eine permanente inhaltliche Kontrolle der verlinkten Seiten ist jedoch ohne<br \/>\nkonkrete Anhaltspunkte einer Rechtsverletzung nicht zumutbar. Bei Bekanntwerden von Rechtsverletzungen<br \/>\nwerden wir derartige Links umgehend entfernen.<\/p>\n<h2>Urheberrecht<\/h2>\n<p>Die durch die Seitenbetreiber<br \/>\nerstellten Inhalte und Werke auf diesen Seiten unterliegen dem deutschen Urheberrecht. Die<br \/>\nVervielf\u00e4ltigung, Bearbeitung, Verbreitung und jede Art der Verwertung au\u00dferhalb der Grenzen des<br \/>\nUrheberrechtes bed\u00fcrfen der schriftlichen Zustimmung des jeweiligen Autors bzw. Erstellers. Downloads<br \/>\nund Kopien dieser Seite sind nur f\u00fcr den privaten, nicht kommerziellen Gebrauch gestattet.<\/p>\n<p>Soweit<br \/>\ndie Inhalte auf dieser Seite nicht vom Betreiber erstellt wurden, werden die Urheberrechte Dritter beachtet.<br \/>\nInsbesondere werden Inhalte Dritter als solche gekennzeichnet. Sollten Sie trotzdem auf eine<br \/>\nUrheberrechtsverletzung aufmerksam werden, bitten wir um einen entsprechenden Hinweis. Bei Bekanntwerden<br \/>\nvon Rechtsverletzungen werden wir derartige Inhalte umgehend entfernen.<\/p>\n<p>&nbsp;<\/p>\n","protected":false},"excerpt":{"rendered":"<p>Impressum Angaben gem\u00e4\u00df \u00a7 5 TMG: Johann Alenborn Gartenservice Alenborn Theodor-Heuss-Ring 8 37154 Northeim Kontakt: Telefon: 017687236929 E-Mail: info@gartenservice-alenborn.de Umsatzsteuer-ID: Umsatzsteuer-Identifikationsnummer gem\u00e4\u00df \u00a727 a Umsatzsteuergesetz: DE 311374020 &nbsp; Quelle: https:\/\/www.e-recht24.de Bilder #77546533 \u00a0 \u00a0 Urheber: Andrey Volokhatiuk &#8211; Fotolia.com #41520918\u00a0 \u00a0\u00a0 Urheber: PhotoSG &#8211; Fotolia.com #113298116 \u00a0 Urheber: danimages &#8211; Fotolia.com #103406750\u00a0\u00a0 Urheber: Tomasz Zajda<\/p>\n","protected":false},"author":1,"featured_media":0,"parent":0,"menu_order":0,"comment_status":"closed","ping_status":"closed","template":"","meta":{"footnotes":""},"class_list":["post-670","page","type-page","status-publish","hentry"],"_links":{"self":[{"href":"https:\/\/www.gartenservice-alenborn.de\/index.php?rest_route=\/wp\/v2\/pages\/670","targetHints":{"allow":["GET"]}}],"collection":[{"href":"https:\/\/www.gartenservice-alenborn.de\/index.php?rest_route=\/wp\/v2\/pages"}],"about":[{"href":"https:\/\/www.gartenservice-alenborn.de\/index.php?rest_route=\/wp\/v2\/types\/page"}],"author":[{"embeddable":true,"href":"https:\/\/www.gartenservice-alenborn.de\/index.php?rest_route=\/wp\/v2\/users\/1"}],"replies":[{"embeddable":true,"href":"https:\/\/www.gartenservice-alenborn.de\/index.php?rest_route=%2Fwp%2Fv2%2Fcomments&post=670"}],"version-history":[{"count":9,"href":"https:\/\/www.gartenservice-alenborn.de\/index.php?rest_route=\/wp\/v2\/pages\/670\/revisions"}],"predecessor-version":[{"id":753,"href":"https:\/\/www.gartenservice-alenborn.de\/index.php?rest_route=\/wp\/v2\/pages\/670\/revisions\/753"}],"wp:attachment":[{"href":"https:\/\/www.gartenservice-alenborn.de\/index.php?rest_route=%2Fwp%2Fv2%2Fmedia&parent=670"}],"curies":[{"name":"wp","href":"https:\/\/api.w.org\/{rel}","templated":true}]}}