{"id":12,"date":"2016-02-10T19:49:25","date_gmt":"2016-02-10T19:49:25","guid":{"rendered":"http:\/\/asianitbd.com\/wp\/gardencare\/?page_id=12"},"modified":"2017-04-04T09:12:03","modified_gmt":"2017-04-04T09:12:03","slug":"services","status":"publish","type":"page","link":"https:\/\/www.gartenservice-alenborn.de\/?page_id=12","title":{"rendered":"Service"},"content":{"rendered":"<p>[vc_row][vc_column]<!--Start awesome services top area-->\r\n<section id=\"awesome-service-top-area\">\r\n    <div class=\"container\">\r\n        <div class=\"row\">\r\n            <div class=\"col-lg-3 col-md-3 col-sm-4 col-xs-12\">\r\n                <div class=\"awesome-service-top-img\">\r\n                    <img decoding=\"async\" src=\"https:\/\/www.gartenservice-alenborn.de\/wp-content\/uploads\/2017\/04\/Logo_ohne_Kontur.png\" alt=\"Image\">\r\n                <\/div>\r\n            <\/div>\r\n            <div class=\"col-lg-9 col-md-9 col-sm-8 col-xs-12\">\r\n                <div class=\"awesome-service-top-right\">\r\n                    <div class=\"section-title2\">\r\n                        <p><\/p>\r\n                        <h1><span>Herzlich Willkommen!<\/span><\/h1>\r\n                    <\/div>\r\n                    <div class=\"awesome-service-top-right-text\">\r\n                        <p>Sch\u00f6n, dass Sie sich f\u00fcr unsere Dienstleistungen interessieren.<\/p>\n<p>Wir bieten Ihnen alle Arbeiten rund um den Gartenservice und die Pflege von Anlagen und Grundst\u00fccken sowohl f\u00fcr Privatkunden, als auch f\u00fcr Firmenkunden.<\/p>\n<p>Unsere Schwerpunkte sind breit gef\u00e4chert und erstrecken sich \u00fcber die Pflege Ihrer Pflanzen, wenn Sie im Urlaub sind, \u00fcber den Zuschnitt Ihrer Str\u00e4ucher und Anlegen eines neuen Weges bis zur Rodung alter Baumst\u00fcmpfe und deren Entsorgung.<\/p>\n<p>Sie k\u00f6nnen sich darauf verlassen, dass die Arbeiten fachgerecht und zeitnah ausgef\u00fchrt werden und Sie entspannt Ihren Garten genie\u00dfen k\u00f6nnen.<\/p>\n<p>Sprechen Sie uns an. Gern erstellen wir Ihnen ein passendes Angebot!<\/p>\r\n                        <p class=\"moreservice\">Johann Alenborn<\/p>\r\n                    <\/div>\r\n                    <div class=\"service-help-line\">\r\n                        <div class=\"help-line-text\">\r\n                            <h2><\/h2>\r\n                            <h4><\/h4>\r\n                        <\/div>\r\n                        <div class=\"help-line-number\">\r\n                            <h2><i class=\"fa fa-phone\"><\/i>0176 - 87 23 69 29<\/h2>\r\n                        <\/div>\r\n                    <\/div>\r\n                <\/div>\r\n            <\/div>\r\n        <\/div>\r\n    <\/div>\r\n<\/section>\r\n<!--End awesome services top area-->\r\n\r\n[\/vc_column][\/vc_row][vc_row][vc_column]   \r\n   \r\n\r\n<!--Start awesome service blog area-->\r\n<section id=\"awesome-service-blog-area\">\r\n    <div class=\"container\">\r\n        <div class=\"row\">\r\n            <div class=\"col-lg-12\">\r\n                <div class=\"section-title2\">\r\n                    <p><\/p>\r\n                    <h1><span>Unser Service f\u00fcr Sie<\/span><\/h1>\r\n                <\/div>\r\n            <\/div>\r\n        <\/div>\r\n        <div class=\"row\">\r\n            <div class=\"awesome-service-blog-items\">\r\n                <!--Start awesome service blog single-->\r\n                                <div class=\"col-lg-4 col-md-4 col-sm-6 col-xs-12\">\r\n                    <div class=\"awesome-service-blog-single\">\r\n                        <img loading=\"lazy\" decoding=\"async\" width=\"370\" height=\"221\" src=\"https:\/\/www.gartenservice-alenborn.de\/wp-content\/uploads\/2016\/02\/Fotolia_116723848_Subscription_Monthly_XL-370x221.jpg\" class=\"img-responsive wp-post-image\" alt=\"\" \/>                        <h5>Jahrespflege Ihres Gartens<\/h5>\r\n                        <p>Die Rundumpflege ihres Gartens &#8211; das ganze Jahr !<\/p>\r\n                    <\/div>\r\n                <\/div>\r\n                                <div class=\"col-lg-4 col-md-4 col-sm-6 col-xs-12\">\r\n                    <div class=\"awesome-service-blog-single\">\r\n                        <img loading=\"lazy\" decoding=\"async\" width=\"370\" height=\"221\" src=\"https:\/\/www.gartenservice-alenborn.de\/wp-content\/uploads\/2016\/02\/Fotolia_86292006_Subscription_Monthly_XL-370x221.jpg\" class=\"img-responsive wp-post-image\" alt=\"\" \/>                        <h5>Teichreinigung und Neuanlegung<\/h5>\r\n                        <p>Pflege und Neuanlage von Teichen<\/p>\r\n                    <\/div>\r\n                <\/div>\r\n                                <div class=\"col-lg-4 col-md-4 col-sm-6 col-xs-12\">\r\n                    <div class=\"awesome-service-blog-single\">\r\n                        <img loading=\"lazy\" decoding=\"async\" width=\"370\" height=\"221\" src=\"https:\/\/www.gartenservice-alenborn.de\/wp-content\/uploads\/2016\/02\/Fotolia_113298116_Subscription_Monthly_XL-370x221.jpg\" class=\"img-responsive wp-post-image\" alt=\"\" \/>                        <h5>M\u00e4harbeiten<\/h5>\r\n                        <p>Auch ihr Rasen kommt nicht zu kurz !<\/p>\r\n                    <\/div>\r\n                <\/div>\r\n                                <div class=\"col-lg-4 col-md-4 col-sm-6 col-xs-12\">\r\n                    <div class=\"awesome-service-blog-single\">\r\n                        <img loading=\"lazy\" decoding=\"async\" width=\"370\" height=\"221\" src=\"https:\/\/www.gartenservice-alenborn.de\/wp-content\/uploads\/2016\/02\/Fotolia_135102660_Subscription_Monthly_XXL-370x221.jpg\" class=\"img-responsive wp-post-image\" alt=\"\" \/>                        <h5>Str\u00e4ucher- und Heckenschnitt<\/h5>\r\n                        <p>Beschnitt von Str\u00e4uchern und Hecken &#8211; ob gro\u00df oder klein !<\/p>\r\n                    <\/div>\r\n                <\/div>\r\n                                <div class=\"col-lg-4 col-md-4 col-sm-6 col-xs-12\">\r\n                    <div class=\"awesome-service-blog-single\">\r\n                        <img loading=\"lazy\" decoding=\"async\" width=\"370\" height=\"221\" src=\"https:\/\/www.gartenservice-alenborn.de\/wp-content\/uploads\/2016\/02\/Fotolia_122406354_Subscription_Monthly_XL-370x221.jpg\" class=\"img-responsive wp-post-image\" alt=\"\" \/>                        <h5>Baumf\u00e4llung und Baumstumpffr\u00e4sung<\/h5>\r\n                        <p>Baumf\u00e4llarbeit und Baumstumpffr\u00e4sung.<\/p>\r\n                    <\/div>\r\n                <\/div>\r\n                                <div class=\"col-lg-4 col-md-4 col-sm-6 col-xs-12\">\r\n                    <div class=\"awesome-service-blog-single\">\r\n                        <img loading=\"lazy\" decoding=\"async\" width=\"370\" height=\"221\" src=\"https:\/\/www.gartenservice-alenborn.de\/wp-content\/uploads\/2016\/02\/Fotolia_103406750_Subscription_Monthly_XL-370x221.jpg\" class=\"img-responsive wp-post-image\" alt=\"\" \/>                        <h5>Gartengestaltung<\/h5>\r\n                        <p>Gern setzen wir ihre Ideen um oder erstellen Ihnen einen Vorschlag auf Grundlage der \u00f6rtl. Gegebenheiten ( Sonne \/ Schatten \/ Boden )<\/p>\r\n                    <\/div>\r\n                <\/div>\r\n                                <div class=\"col-lg-4 col-md-4 col-sm-6 col-xs-12\">\r\n                    <div class=\"awesome-service-blog-single\">\r\n                        <img loading=\"lazy\" decoding=\"async\" width=\"370\" height=\"221\" src=\"https:\/\/www.gartenservice-alenborn.de\/wp-content\/uploads\/2016\/02\/Fotolia_41520918_Subscription_Monthly_XXL-370x221.jpg\" class=\"img-responsive wp-post-image\" alt=\"\" \/>                        <h5>und mehr &#8230;<\/h5>\r\n                        <p>Sprechen Sie uns an, wenn Sie eine Dienstleistung vermissen. Unser Service ist sehr umfangreich!<\/p>\r\n                    <\/div>\r\n                <\/div>\r\n                                <div class=\"col-lg-4 col-md-4 col-sm-6 col-xs-12\">\r\n                    <div class=\"awesome-service-blog-single\">\r\n                        <img loading=\"lazy\" decoding=\"async\" width=\"370\" height=\"221\" src=\"https:\/\/www.gartenservice-alenborn.de\/wp-content\/uploads\/2016\/02\/Fotolia_55539292_Subscription_Monthly_XXL-370x221.jpg\" class=\"img-responsive wp-post-image\" alt=\"\" \/>                        <h5>Holz- und Bautenschutz<\/h5>\r\n                        <p>F\u00fcr alle Witterungen ger\u00fcstet &#8211; Holz und Bautenschutz<\/p>\r\n                    <\/div>\r\n                <\/div>\r\n                                <div class=\"col-lg-4 col-md-4 col-sm-6 col-xs-12\">\r\n                    <div class=\"awesome-service-blog-single\">\r\n                        <img loading=\"lazy\" decoding=\"async\" width=\"370\" height=\"221\" src=\"https:\/\/www.gartenservice-alenborn.de\/wp-content\/uploads\/2016\/02\/trockenmauer-370x221.jpg\" class=\"img-responsive wp-post-image\" alt=\"\" \/>                        <h5>Trockenmauer und Trockenbau<\/h5>\r\n                        <p>Pflege und Neuanlage von Trockenmauern oder Trockenbau<\/p>\r\n                    <\/div>\r\n                <\/div>\r\n                                <div class=\"col-lg-4 col-md-4 col-sm-6 col-xs-12\">\r\n                    <div class=\"awesome-service-blog-single\">\r\n                        <img loading=\"lazy\" decoding=\"async\" width=\"370\" height=\"221\" src=\"https:\/\/www.gartenservice-alenborn.de\/wp-content\/uploads\/2016\/02\/Fotolia_77546533_Subscription_Monthly_XL-370x221.jpg\" class=\"img-responsive wp-post-image\" alt=\"\" \/>                        <h5>Pflasterarbeit<\/h5>\r\n                        <p>Von Terrasse bis Gartenpfad<\/p>\r\n                    <\/div>\r\n                <\/div>\r\n                                <!--End awesome service blog single-->\r\n            <\/div>\r\n        <\/div>\r\n    <\/div>\r\n<\/section>\r\n<!--End awesome service blog area-->\r\n    \r\n[\/vc_column][\/vc_row][vc_row][vc_column]<section id=\"great-gardener-team\" style=\"background-image:url('https:\/\/www.gartenservice-alenborn.de\/wp-content\/uploads\/2016\/02\/green_balken.jpg')\">\r\n    <div class=\"container\">\r\n        <div class=\"row\">\r\n            <div class=\"col-md-8 pull-right has-skew\">\r\n                <h2>Gartenservice Alenborn<\/h2>\r\n                <p><\/p>\r\n                <p class=\"has-btn\"><b><\/b><span>or<\/span>\r\n                <\/p>\r\n                <a class=\"contact-button\" href=\"https:\/\/www.gartenservice-alenborn.de\/?page_id=28\">\r\n                    <div class=\"contact-us-button\">Kontakt<\/div>\r\n                    <i class=\"fa fa-arrow-circle-right\"><\/i>\r\n                <\/a>\r\n            <\/div>\r\n        <\/div>\r\n    <\/div>\r\n<\/section>\r\n\r\n[\/vc_column][\/vc_row][vc_row][vc_column][\/vc_column][\/vc_row]<\/p>\n","protected":false},"excerpt":{"rendered":"<p>[vc_row][vc_column][\/vc_column][\/vc_row][vc_row][vc_column][\/vc_column][\/vc_row][vc_row][vc_column][\/vc_column][\/vc_row][vc_row][vc_column][\/vc_column][\/vc_row]<\/p>\n","protected":false},"author":1,"featured_media":0,"parent":0,"menu_order":0,"comment_status":"closed","ping_status":"closed","template":"tpl-visual_composer.php","meta":{"footnotes":""},"class_list":["post-12","page","type-page","status-publish","hentry"],"_links":{"self":[{"href":"https:\/\/www.gartenservice-alenborn.de\/index.php?rest_route=\/wp\/v2\/pages\/12","targetHints":{"allow":["GET"]}}],"collection":[{"href":"https:\/\/www.gartenservice-alenborn.de\/index.php?rest_route=\/wp\/v2\/pages"}],"about":[{"href":"https:\/\/www.gartenservice-alenborn.de\/index.php?rest_route=\/wp\/v2\/types\/page"}],"author":[{"embeddable":true,"href":"https:\/\/www.gartenservice-alenborn.de\/index.php?rest_route=\/wp\/v2\/users\/1"}],"replies":[{"embeddable":true,"href":"https:\/\/www.gartenservice-alenborn.de\/index.php?rest_route=%2Fwp%2Fv2%2Fcomments&post=12"}],"version-history":[{"count":35,"href":"https:\/\/www.gartenservice-alenborn.de\/index.php?rest_route=\/wp\/v2\/pages\/12\/revisions"}],"predecessor-version":[{"id":747,"href":"https:\/\/www.gartenservice-alenborn.de\/index.php?rest_route=\/wp\/v2\/pages\/12\/revisions\/747"}],"wp:attachment":[{"href":"https:\/\/www.gartenservice-alenborn.de\/index.php?rest_route=%2Fwp%2Fv2%2Fmedia&parent=12"}],"curies":[{"name":"wp","href":"https:\/\/api.w.org\/{rel}","templated":true}]}}